{"id":2,"date":"2021-06-09T04:29:12","date_gmt":"2021-06-09T04:29:12","guid":{"rendered":"https:\/\/osteriadeltempopersoroma.it\/?page_id=2"},"modified":"2025-06-11T16:28:52","modified_gmt":"2025-06-11T16:28:52","slug":"sample-page","status":"publish","type":"page","link":"https:\/\/osteriadeltempopersoroma.it\/belsiana\/","title":{"rendered":"Osteria del tempo perso | Home"},"content":{"rendered":"<ul>\n<li>\n<p>        <img decoding=\"async\" src=\"\/belsiana\/wp-content\/uploads\/2023\/12\/DSC_9936.jpg\" alt=\"\"><\/p>\n<h3>DSC_9936<\/h3>\n<\/li>\n<li>\n<p>        <img decoding=\"async\" src=\"\/belsiana\/wp-content\/uploads\/2023\/12\/DSC_9926-copia.jpg\" alt=\"\"><\/p>\n<h3>DSC_9926 copia<\/h3>\n<\/li>\n<li>\n<p>        <img decoding=\"async\" src=\"\/belsiana\/wp-content\/uploads\/2023\/12\/DSC_9926.jpg\" alt=\"\"><\/p>\n<h3>DSC_9926<\/h3>\n<\/li>\n<li>\n<p>        <img decoding=\"async\" src=\"\/belsiana\/wp-content\/uploads\/2023\/12\/DSC_9929.jpg\" alt=\"\"><\/p>\n<h3>DSC_9929<\/h3>\n<\/li>\n<li>\n<p>        <img decoding=\"async\" src=\"\/belsiana\/wp-content\/uploads\/2023\/12\/DSC_9931.jpg\" alt=\"\"><\/p>\n<h3>DSC_9931<\/h3>\n<\/li>\n<\/ul>\n<h1>Osteria del tempo perso &#8211; Belsiana<\/h1>\n<ul>\n<li><a href=\"https:\/\/www.facebook.com\/Osteriadeltempopersoroma\">facebook<\/a>\n<\/li>\n<li><a href=\"https:\/\/www.instagram.com\/osteriadeltempopersobelsiana_\">instagram<\/a>\n<\/li>\n<li><a href=\"\/belsiana\/osteriadeltempopersoroma@gmail.com\">social<\/a>\n<\/li>\n<\/ul>\n<div>\n<p>A due passi da Piazza di Spagna, nel cuore della Citt\u00e0 Eterna, c&#8217;\u00e8 l&#8217;Osteria del Tempo Perso &#8211; Belsiana.<br \/>La posizione in pieno centro non ne rende complicata la raggiungibilit\u00e0: vicina alla metro A Spagna ed al parcheggio Ludovisi.<br \/>Il locale ha una sala interna climatizzata e un dehors arredati con cura ed eleganti.<br \/>Il servizio \u00e8 in funzione dalla mattina fino a sera, senza giorno di chiusura, garantendo ai passanti, romani e turisti, di trovare sempre un posto accogliente per una pausa all&#8217;insegna del gusto. <br \/>La cucina \u00e8 quella tradizionale, con un&#8217;attenzione particolare alla materia prima e ad un servizio di qualit\u00e0. <br \/>Un men\u00f9 ampio, con tanti piatti di terra e di mare, con specialit\u00e0 della casa e piatti del giorni. Tutti i giorni, dalle 18, \u00e8 disponibile una carta dedicata all&#8217;aperitivo con snack, vini e cocktail.<br \/>Questa combinazione eccellente ha reso l&#8217;Osteria un punto riferimento per un pranzo o una cena, senza rinunciare alla bellezza del centro storico della Citt\u00e0 Eterna.<\/p>\n<\/div>\n<p><img decoding=\"async\" src=\"\/belsiana\/wp-content\/uploads\/2021\/06\/TEMPOPERSO_locale_00024-scaled.jpg\" alt=\"\"><\/p>\n<h2>Le nostre specialit\u00e0<\/h2>\n<ul>\n<li>\n<p>        <img decoding=\"async\" src=\"\/belsiana\/wp-content\/uploads\/2025\/06\/DSCF7480.jpg\" alt=\"\"><\/p>\n<h3>DSCF7480<\/h3>\n<\/li>\n<li>\n<p>        <img decoding=\"async\" src=\"\/belsiana\/wp-content\/uploads\/2025\/06\/DSCF7486.jpg\" alt=\"\"><\/p>\n<h3>DSCF7486<\/h3>\n<\/li>\n<li>\n<p>        <img decoding=\"async\" src=\"\/belsiana\/wp-content\/uploads\/2025\/06\/DSCF7662.jpg\" alt=\"\"><\/p>\n<h3>DSCF7662<\/h3>\n<\/li>\n<li>\n<p>        <img decoding=\"async\" src=\"\/belsiana\/wp-content\/uploads\/2025\/06\/DSCF7601.jpg\" alt=\"\"><\/p>\n<h3>DSCF7601<\/h3>\n<\/li>\n<li>\n<p>        <img decoding=\"async\" src=\"\/belsiana\/wp-content\/uploads\/2025\/06\/DSCF7539.jpg\" alt=\"\"><\/p>\n<h3>DSCF7539<\/h3>\n<\/li>\n<li>\n<p>        <img decoding=\"async\" src=\"\/belsiana\/wp-content\/uploads\/2025\/06\/DSCF7525.jpg\" alt=\"\"><\/p>\n<h3>DSCF7525<\/h3>\n<\/li>\n<li>\n<p>        <img decoding=\"async\" src=\"\/belsiana\/wp-content\/uploads\/2025\/06\/DSCF7498.jpg\" alt=\"\"><\/p>\n<h3>DSCF7498<\/h3>\n<\/li>\n<li>\n<p>        <img decoding=\"async\" src=\"\/belsiana\/wp-content\/uploads\/2025\/06\/DSCF7489.jpg\" alt=\"\"><\/p>\n<h3>DSCF7489<\/h3>\n<\/li>\n<\/ul>\n<h2>Benvenuti a Roma<\/h2>\n<ul>\n<li>\n<p>        <img decoding=\"async\" src=\"\/belsiana\/wp-content\/uploads\/2021\/06\/roma-piazza-navona.jpeg\" alt=\"\"><\/p>\n<\/li>\n<li>\n<p>        <img decoding=\"async\" src=\"\/belsiana\/wp-content\/uploads\/2021\/06\/roma-castel-santangelo.jpeg\" alt=\"\"><\/p>\n<\/li>\n<li>\n<p>        <img decoding=\"async\" src=\"\/belsiana\/wp-content\/uploads\/2021\/06\/roma-pantheon.jpeg\" alt=\"\"><\/p>\n<\/li>\n<li>\n<p>        <img decoding=\"async\" src=\"\/belsiana\/wp-content\/uploads\/2021\/06\/roma-colosseo.jpeg\" alt=\"\"><\/p>\n<\/li>\n<li>\n<p>        <img decoding=\"async\" src=\"\/belsiana\/wp-content\/uploads\/2021\/06\/scal.jpg\" alt=\"\"><\/p>\n<\/li>\n<\/ul>\n<div>\n<p>    <iframe src=\"https:\/\/www.google.com\/maps\/embed?pb=!1m18!1m12!1m3!1d2969.3939386216794!2d12.47699421529128!3d41.90588947165406!2m3!1f0!2f0!3f0!3m2!1i1024!2i768!4f13.1!3m3!1m2!1s0x132f6054346f2be5%3A0xb900b94a4d88aafc!2sVia%20Belsiana%2C%2094%2C%2000187%20Roma%20RM!5e0!3m2!1sit!2sit!4v1623215236233!5m2!1sit!2sit\" width=\"100%\" height=\"450\" style=\"border:0;\" allowfullscreen=\"\" loading=\"lazy\"><\/iframe>\n<\/div>\n<p><!--more--><br \/>\n<!-- {\"type\":\"layout\",\"children\":[{\"type\":\"section\",\"props\":{\"image_position\":\"center-center\",\"padding_remove_top\":true,\"style\":\"default\",\"title_breakpoint\":\"xl\",\"title_position\":\"top-left\",\"title_rotation\":\"left\",\"vertical_align\":\"middle\",\"width\":\"\"},\"children\":[{\"type\":\"row\",\"children\":[{\"type\":\"column\",\"props\":{\"image_position\":\"center-center\",\"media_overlay_gradient\":\"\",\"position_sticky_breakpoint\":\"m\"},\"children\":[{\"type\":\"slideshow\",\"props\":{\"link_style\":\"default\",\"link_text\":\"Read more\",\"margin\":\"default\",\"meta_align\":\"below-title\",\"meta_element\":\"div\",\"meta_style\":\"text-meta\",\"nav\":\"dotnav\",\"nav_align\":\"center\",\"nav_breakpoint\":\"s\",\"nav_position\":\"bottom-center\",\"nav_position_margin\":\"medium\",\"overlay_animation\":\"parallax\",\"overlay_position\":\"center-left\",\"show_content\":true,\"show_link\":true,\"show_meta\":false,\"show_thumbnail\":true,\"show_title\":false,\"slidenav\":\"default\",\"slidenav_breakpoint\":\"s\",\"slidenav_margin\":\"medium\",\"slidenav_outside_breakpoint\":\"xl\",\"slideshow_autoplay\":true,\"slideshow_autoplay_pause\":true,\"slideshow_height\":\"\",\"slideshow_max_height\":\"550\",\"slideshow_min_height\":\"400\",\"thumbnav_height\":\"75\",\"thumbnav_svg_color\":\"emphasis\",\"thumbnav_width\":\"100\",\"title_element\":\"h3\"},\"children\":[{\"type\":\"slideshow_item\",\"props\":{\"image\":\"wp-content\\\/uploads\\\/2023\\\/12\\\/DSC_9936.jpg\",\"title\":\"DSC_9936\"}},{\"type\":\"slideshow_item\",\"props\":{\"image\":\"wp-content\\\/uploads\\\/2023\\\/12\\\/DSC_9926-copia.jpg\",\"title\":\"DSC_9926 copia\"}},{\"type\":\"slideshow_item\",\"props\":{\"image\":\"wp-content\\\/uploads\\\/2023\\\/12\\\/DSC_9926.jpg\",\"title\":\"DSC_9926\"}},{\"type\":\"slideshow_item\",\"props\":{\"image\":\"wp-content\\\/uploads\\\/2023\\\/12\\\/DSC_9929.jpg\",\"title\":\"DSC_9929\"}},{\"type\":\"slideshow_item\",\"props\":{\"image\":\"wp-content\\\/uploads\\\/2023\\\/12\\\/DSC_9931.jpg\",\"title\":\"DSC_9931\"}}]}]}]}]},{\"type\":\"section\",\"props\":{\"image_position\":\"center-center\",\"padding\":\"xsmall\",\"style\":\"default\",\"title_breakpoint\":\"xl\",\"title_position\":\"top-left\",\"title_rotation\":\"left\",\"vertical_align\":\"middle\",\"width\":\"default\"},\"children\":[{\"type\":\"row\",\"props\":{\"layout\":\"2-3,1-3\"},\"children\":[{\"type\":\"column\",\"props\":{\"image_position\":\"center-center\",\"media_overlay_gradient\":\"\",\"position_sticky_breakpoint\":\"m\",\"width_medium\":\"2-3\"},\"children\":[{\"type\":\"headline\",\"props\":{\"content\":\"Osteria del tempo perso - Belsiana\",\"title_element\":\"h1\"}},{\"type\":\"social\",\"props\":{\"grid\":\"horizontal\",\"grid_gap\":\"small\",\"link_style\":\"button\",\"link_target\":true,\"margin\":\"default\"},\"children\":[{\"type\":\"social_item\",\"props\":{\"link\":\"https:\\\/\\\/www.facebook.com\\\/Osteriadeltempopersoroma\"}},{\"type\":\"social_item\",\"props\":{\"link\":\"https:\\\/\\\/www.instagram.com\\\/osteriadeltempopersobelsiana_\"}},{\"type\":\"social_item\",\"props\":{\"link\":\"osteriadeltempopersoroma@gmail.com\"}}]},{\"type\":\"text\",\"props\":{\"column_breakpoint\":\"m\",\"content\":\"\n\n<p>A due passi da Piazza di Spagna, nel cuore della Citt\\u00e0 Eterna, c'\\u00e8 l'Osteria del Tempo Perso - Belsiana.<br \\\/>La posizione in pieno centro non ne rende complicata la raggiungibilit\\u00e0: vicina alla metro A Spagna ed al parcheggio Ludovisi.<br \\\/>Il locale ha una sala interna climatizzata e un dehors arredati con cura ed eleganti.<br \\\/>Il servizio \\u00e8 in funzione dalla mattina fino a sera, senza giorno di chiusura, garantendo ai passanti, romani e turisti, di trovare sempre un posto accogliente per una pausa all'insegna del gusto. <br \\\/>La cucina \\u00e8 quella tradizionale, con un'attenzione particolare alla materia prima e ad un servizio di qualit\\u00e0. <br \\\/>Un men\\u00f9 ampio, con tanti piatti di terra e di mare, con specialit\\u00e0 della casa e piatti del giorni. Tutti i giorni, dalle 18, \\u00e8 disponibile una carta dedicata all'aperitivo con snack, vini e cocktail.<br \\\/>Questa combinazione eccellente ha reso l'Osteria un punto riferimento per un pranzo o una cena, senza rinunciare alla bellezza del centro storico della Citt\\u00e0 Eterna.<\\\/p>\",\"margin\":\"default\"}}]},{\"type\":\"column\",\"props\":{\"image_position\":\"center-center\",\"media_overlay_gradient\":\"\",\"position_sticky_breakpoint\":\"m\",\"width_medium\":\"1-3\"},\"children\":[{\"type\":\"image\",\"props\":{\"image\":\"wp-content\\\/uploads\\\/2021\\\/06\\\/TEMPOPERSO_locale_00024-scaled.jpg\",\"image_box_shadow\":\"large\",\"image_height\":\"450\",\"image_svg_color\":\"emphasis\",\"margin\":\"default\",\"text_align\":\"center\",\"visibility\":\"m\"}}]}]}]},{\"type\":\"section\",\"props\":{\"image_position\":\"center-center\",\"padding_remove_bottom\":false,\"style\":\"default\",\"title_breakpoint\":\"xl\",\"title_position\":\"top-left\",\"title_rotation\":\"left\",\"vertical_align\":\"middle\",\"width\":\"default\"},\"children\":[{\"type\":\"row\",\"children\":[{\"type\":\"column\",\"props\":{\"image_position\":\"center-center\",\"media_overlay_gradient\":\"\",\"position_sticky_breakpoint\":\"m\"},\"children\":[{\"type\":\"headline\",\"props\":{\"content\":\"Le nostre specialit\\u00e0\",\"title_element\":\"h2\",\"title_style\":\"h3\"}},{\"type\":\"gallery\",\"props\":{\"filter_align\":\"left\",\"filter_all\":true,\"filter_grid_breakpoint\":\"m\",\"filter_grid_width\":\"auto\",\"filter_position\":\"top\",\"filter_style\":\"tab\",\"grid_default\":\"3\",\"grid_large\":\"4\",\"grid_medium\":\"4\",\"grid_small\":\"4\",\"grid_xlarge\":\"4\",\"item_animation\":true,\"lightbox\":true,\"link_style\":\"default\",\"link_text\":\"\",\"margin\":\"default\",\"meta_align\":\"below-title\",\"meta_element\":\"div\",\"meta_style\":\"text-meta\",\"overlay_hover\":true,\"overlay_link\":true,\"overlay_mode\":\"cover\",\"overlay_position\":\"center\",\"overlay_style\":\"overlay-primary\",\"overlay_transition\":\"fade\",\"parallax_easing\":\"1\",\"show_content\":true,\"show_hover_image\":true,\"show_link\":true,\"show_meta\":true,\"show_title\":true,\"text_align\":\"center\",\"text_color\":\"light\",\"title_display\":\"lightbox\",\"title_element\":\"h3\",\"title_hover_style\":\"reset\"},\"children\":[{\"type\":\"gallery_item\",\"props\":{\"image\":\"wp-content\\\/uploads\\\/2025\\\/06\\\/DSCF7480.jpg\",\"title\":\"DSCF7480\"}},{\"type\":\"gallery_item\",\"props\":{\"image\":\"wp-content\\\/uploads\\\/2025\\\/06\\\/DSCF7486.jpg\",\"title\":\"DSCF7486\"}},{\"type\":\"gallery_item\",\"props\":{\"image\":\"wp-content\\\/uploads\\\/2025\\\/06\\\/DSCF7662.jpg\",\"title\":\"DSCF7662\"}},{\"type\":\"gallery_item\",\"props\":{\"image\":\"wp-content\\\/uploads\\\/2025\\\/06\\\/DSCF7601.jpg\",\"title\":\"DSCF7601\"}},{\"type\":\"gallery_item\",\"props\":{\"image\":\"wp-content\\\/uploads\\\/2025\\\/06\\\/DSCF7539.jpg\",\"title\":\"DSCF7539\"}},{\"type\":\"gallery_item\",\"props\":{\"image\":\"wp-content\\\/uploads\\\/2025\\\/06\\\/DSCF7525.jpg\",\"title\":\"DSCF7525\"}},{\"type\":\"gallery_item\",\"props\":{\"image\":\"wp-content\\\/uploads\\\/2025\\\/06\\\/DSCF7498.jpg\",\"title\":\"DSCF7498\"}},{\"type\":\"gallery_item\",\"props\":{\"image\":\"wp-content\\\/uploads\\\/2025\\\/06\\\/DSCF7489.jpg\",\"title\":\"DSCF7489\"}}]},{\"type\":\"text\",\"props\":{\"column_breakpoint\":\"m\",\"content\":\"\",\"margin\":\"default\"}}]}]}]},{\"type\":\"section\",\"props\":{\"image_position\":\"center-center\",\"padding_remove_bottom\":false,\"style\":\"primary\",\"title_breakpoint\":\"xl\",\"title_position\":\"top-left\",\"title_rotation\":\"left\",\"vertical_align\":\"middle\",\"width\":\"default\"},\"children\":[{\"type\":\"row\",\"children\":[{\"type\":\"column\",\"props\":{\"image_position\":\"center-center\",\"media_overlay_gradient\":\"\",\"position_sticky_breakpoint\":\"m\"},\"children\":[{\"type\":\"headline\",\"props\":{\"content\":\"Benvenuti a Roma\",\"text_align\":\"center\",\"title_element\":\"h2\",\"title_style\":\"h3\"}},{\"type\":\"gallery\",\"props\":{\"filter_align\":\"left\",\"filter_all\":true,\"filter_grid_breakpoint\":\"m\",\"filter_grid_width\":\"auto\",\"filter_position\":\"top\",\"filter_style\":\"tab\",\"grid_default\":\"2\",\"grid_large\":\"5\",\"grid_medium\":\"5\",\"grid_small\":\"5\",\"grid_xlarge\":\"4\",\"item_animation\":true,\"lightbox\":true,\"link_style\":\"default\",\"link_text\":\"\",\"margin\":\"default\",\"meta_align\":\"below-title\",\"meta_element\":\"div\",\"meta_style\":\"text-meta\",\"overlay_hover\":true,\"overlay_link\":true,\"overlay_mode\":\"cover\",\"overlay_position\":\"center\",\"overlay_style\":\"overlay-primary\",\"overlay_transition\":\"fade\",\"parallax_easing\":\"1\",\"show_content\":true,\"show_hover_image\":true,\"show_link\":true,\"show_meta\":true,\"show_title\":true,\"text_align\":\"center\",\"text_color\":\"light\",\"title_element\":\"h3\",\"title_hover_style\":\"reset\"},\"children\":[{\"type\":\"gallery_item\",\"props\":{\"image\":\"wp-content\\\/uploads\\\/2021\\\/06\\\/roma-piazza-navona.jpeg\",\"title\":\"\"}},{\"type\":\"gallery_item\",\"props\":{\"image\":\"wp-content\\\/uploads\\\/2021\\\/06\\\/roma-castel-santangelo.jpeg\",\"title\":\"\"}},{\"type\":\"gallery_item\",\"props\":{\"image\":\"wp-content\\\/uploads\\\/2021\\\/06\\\/roma-pantheon.jpeg\",\"title\":\"\"}},{\"type\":\"gallery_item\",\"props\":{\"image\":\"wp-content\\\/uploads\\\/2021\\\/06\\\/roma-colosseo.jpeg\",\"title\":\"\"}},{\"type\":\"gallery_item\",\"props\":{\"image\":\"wp-content\\\/uploads\\\/2021\\\/06\\\/scal.jpg\"}}]}]}]}]},{\"type\":\"section\",\"props\":{\"image_position\":\"center-center\",\"padding_remove_bottom\":true,\"style\":\"primary\",\"title_breakpoint\":\"xl\",\"title_position\":\"top-left\",\"title_rotation\":\"left\",\"vertical_align\":\"middle\",\"width\":\"\"},\"children\":[{\"type\":\"row\",\"children\":[{\"type\":\"column\",\"props\":{\"image_position\":\"center-center\",\"media_overlay_gradient\":\"\",\"position_sticky_breakpoint\":\"m\"},\"children\":[{\"type\":\"html\",\"props\":{\"content\":\"<iframe src=\\\"https:\\\/\\\/www.google.com\\\/maps\\\/embed?pb=!1m18!1m12!1m3!1d2969.3939386216794!2d12.47699421529128!3d41.90588947165406!2m3!1f0!2f0!3f0!3m2!1i1024!2i768!4f13.1!3m3!1m2!1s0x132f6054346f2be5%3A0xb900b94a4d88aafc!2sVia%20Belsiana%2C%2094%2C%2000187%20Roma%20RM!5e0!3m2!1sit!2sit!4v1623215236233!5m2!1sit!2sit\\\" width=\\\"100%\\\" height=\\\"450\\\" style=\\\"border:0;\\\" allowfullscreen=\\\"\\\" loading=\\\"lazy\\\"><\\\/iframe>\"}}]}]}]}],\"version\":\"3.0.29\"} --><\/p>\n","protected":false},"excerpt":{"rendered":"<p>DSC_9936 DSC_9926 copia DSC_9926 DSC_9929 DSC_9931 Osteria del tempo perso &#8211; Belsiana facebook instagram social A due passi da Piazza di Spagna, nel cuore della Citt\u00e0 Eterna, c&#8217;\u00e8 l&#8217;Osteria del Tempo Perso &#8211; Belsiana.La posizione in pieno centro non ne rende complicata la raggiungibilit\u00e0: vicina alla metro A Spagna ed al parcheggio Ludovisi.Il locale ha [&hellip;]<\/p>\n","protected":false},"author":1,"featured_media":0,"parent":0,"menu_order":0,"comment_status":"closed","ping_status":"closed","template":"","meta":{"footnotes":""},"class_list":["post-2","page","type-page","status-publish","hentry"],"yoast_head":"<!-- This site is optimized with the Yoast SEO plugin v26.6 - https:\/\/yoast.com\/wordpress\/plugins\/seo\/ -->\n<title>Osteria del tempo perso | Home - Osteria del Tempo Perso<\/title>\n<meta name=\"robots\" content=\"index, follow, max-snippet:-1, max-image-preview:large, max-video-preview:-1\" \/>\n<link rel=\"canonical\" href=\"https:\/\/osteriadeltempopersoroma.it\/belsiana\/\" \/>\n<meta property=\"og:locale\" content=\"it_IT\" \/>\n<meta property=\"og:type\" content=\"article\" \/>\n<meta property=\"og:title\" content=\"Osteria del tempo perso | Home - Osteria del Tempo Perso\" \/>\n<meta property=\"og:description\" content=\"DSC_9936 DSC_9926 copia DSC_9926 DSC_9929 DSC_9931 Osteria del tempo perso &#8211; Belsiana facebook instagram social A due passi da Piazza di Spagna, nel cuore della Citt\u00e0 Eterna, c&#8217;\u00e8 l&#8217;Osteria del Tempo Perso &#8211; Belsiana.La posizione in pieno centro non ne rende complicata la raggiungibilit\u00e0: vicina alla metro A Spagna ed al parcheggio Ludovisi.Il locale ha [&hellip;]\" \/>\n<meta property=\"og:url\" content=\"https:\/\/osteriadeltempopersoroma.it\/belsiana\/\" \/>\n<meta property=\"og:site_name\" content=\"Osteria del Tempo Perso\" \/>\n<meta property=\"article:modified_time\" content=\"2025-06-11T16:28:52+00:00\" \/>\n<meta name=\"twitter:card\" content=\"summary_large_image\" \/>\n<meta name=\"twitter:label1\" content=\"Tempo di lettura stimato\" \/>\n\t<meta name=\"twitter:data1\" content=\"1 minuto\" \/>\n<script type=\"application\/ld+json\" class=\"yoast-schema-graph\">{\"@context\":\"https:\/\/schema.org\",\"@graph\":[{\"@type\":\"WebPage\",\"@id\":\"https:\/\/osteriadeltempopersoroma.it\/belsiana\/\",\"url\":\"https:\/\/osteriadeltempopersoroma.it\/belsiana\/\",\"name\":\"Osteria del tempo perso | Home - Osteria del Tempo Perso\",\"isPartOf\":{\"@id\":\"https:\/\/osteriadeltempopersoroma.it\/belsiana\/#website\"},\"datePublished\":\"2021-06-09T04:29:12+00:00\",\"dateModified\":\"2025-06-11T16:28:52+00:00\",\"breadcrumb\":{\"@id\":\"https:\/\/osteriadeltempopersoroma.it\/belsiana\/#breadcrumb\"},\"inLanguage\":\"it-IT\",\"potentialAction\":[{\"@type\":\"ReadAction\",\"target\":[\"https:\/\/osteriadeltempopersoroma.it\/belsiana\/\"]}]},{\"@type\":\"BreadcrumbList\",\"@id\":\"https:\/\/osteriadeltempopersoroma.it\/belsiana\/#breadcrumb\",\"itemListElement\":[{\"@type\":\"ListItem\",\"position\":1,\"name\":\"Home\",\"item\":\"https:\/\/osteriadeltempopersoroma.it\/belsiana\/\"},{\"@type\":\"ListItem\",\"position\":2,\"name\":\"Osteria del tempo perso | Home\"}]},{\"@type\":\"WebSite\",\"@id\":\"https:\/\/osteriadeltempopersoroma.it\/belsiana\/#website\",\"url\":\"https:\/\/osteriadeltempopersoroma.it\/belsiana\/\",\"name\":\"Osteria del Tempo Perso - Roma Centro\",\"description\":\"Osteria a Roma \",\"publisher\":{\"@id\":\"https:\/\/osteriadeltempopersoroma.it\/belsiana\/#organization\"},\"potentialAction\":[{\"@type\":\"SearchAction\",\"target\":{\"@type\":\"EntryPoint\",\"urlTemplate\":\"https:\/\/osteriadeltempopersoroma.it\/belsiana\/?s={search_term_string}\"},\"query-input\":{\"@type\":\"PropertyValueSpecification\",\"valueRequired\":true,\"valueName\":\"search_term_string\"}}],\"inLanguage\":\"it-IT\"},{\"@type\":\"Organization\",\"@id\":\"https:\/\/osteriadeltempopersoroma.it\/belsiana\/#organization\",\"name\":\"Osteria del Tempo perso\",\"url\":\"https:\/\/osteriadeltempopersoroma.it\/belsiana\/\",\"logo\":{\"@type\":\"ImageObject\",\"inLanguage\":\"it-IT\",\"@id\":\"https:\/\/osteriadeltempopersoroma.it\/belsiana\/#\/schema\/logo\/image\/\",\"url\":\"https:\/\/osteriadeltempopersoroma.it\/belsiana\/wp-content\/uploads\/2021\/06\/bigliettino-tempo-perso-copia-2.jpg\",\"contentUrl\":\"https:\/\/osteriadeltempopersoroma.it\/belsiana\/wp-content\/uploads\/2021\/06\/bigliettino-tempo-perso-copia-2.jpg\",\"width\":1246,\"height\":826,\"caption\":\"Osteria del Tempo perso\"},\"image\":{\"@id\":\"https:\/\/osteriadeltempopersoroma.it\/belsiana\/#\/schema\/logo\/image\/\"}}]}<\/script>\n<!-- \/ Yoast SEO plugin. -->","yoast_head_json":{"title":"Osteria del tempo perso | Home - Osteria del Tempo Perso","robots":{"index":"index","follow":"follow","max-snippet":"max-snippet:-1","max-image-preview":"max-image-preview:large","max-video-preview":"max-video-preview:-1"},"canonical":"https:\/\/osteriadeltempopersoroma.it\/belsiana\/","og_locale":"it_IT","og_type":"article","og_title":"Osteria del tempo perso | Home - Osteria del Tempo Perso","og_description":"DSC_9936 DSC_9926 copia DSC_9926 DSC_9929 DSC_9931 Osteria del tempo perso &#8211; Belsiana facebook instagram social A due passi da Piazza di Spagna, nel cuore della Citt\u00e0 Eterna, c&#8217;\u00e8 l&#8217;Osteria del Tempo Perso &#8211; Belsiana.La posizione in pieno centro non ne rende complicata la raggiungibilit\u00e0: vicina alla metro A Spagna ed al parcheggio Ludovisi.Il locale ha [&hellip;]","og_url":"https:\/\/osteriadeltempopersoroma.it\/belsiana\/","og_site_name":"Osteria del Tempo Perso","article_modified_time":"2025-06-11T16:28:52+00:00","twitter_card":"summary_large_image","twitter_misc":{"Tempo di lettura stimato":"1 minuto"},"schema":{"@context":"https:\/\/schema.org","@graph":[{"@type":"WebPage","@id":"https:\/\/osteriadeltempopersoroma.it\/belsiana\/","url":"https:\/\/osteriadeltempopersoroma.it\/belsiana\/","name":"Osteria del tempo perso | Home - Osteria del Tempo Perso","isPartOf":{"@id":"https:\/\/osteriadeltempopersoroma.it\/belsiana\/#website"},"datePublished":"2021-06-09T04:29:12+00:00","dateModified":"2025-06-11T16:28:52+00:00","breadcrumb":{"@id":"https:\/\/osteriadeltempopersoroma.it\/belsiana\/#breadcrumb"},"inLanguage":"it-IT","potentialAction":[{"@type":"ReadAction","target":["https:\/\/osteriadeltempopersoroma.it\/belsiana\/"]}]},{"@type":"BreadcrumbList","@id":"https:\/\/osteriadeltempopersoroma.it\/belsiana\/#breadcrumb","itemListElement":[{"@type":"ListItem","position":1,"name":"Home","item":"https:\/\/osteriadeltempopersoroma.it\/belsiana\/"},{"@type":"ListItem","position":2,"name":"Osteria del tempo perso | Home"}]},{"@type":"WebSite","@id":"https:\/\/osteriadeltempopersoroma.it\/belsiana\/#website","url":"https:\/\/osteriadeltempopersoroma.it\/belsiana\/","name":"Osteria del Tempo Perso - Roma Centro","description":"Osteria a Roma ","publisher":{"@id":"https:\/\/osteriadeltempopersoroma.it\/belsiana\/#organization"},"potentialAction":[{"@type":"SearchAction","target":{"@type":"EntryPoint","urlTemplate":"https:\/\/osteriadeltempopersoroma.it\/belsiana\/?s={search_term_string}"},"query-input":{"@type":"PropertyValueSpecification","valueRequired":true,"valueName":"search_term_string"}}],"inLanguage":"it-IT"},{"@type":"Organization","@id":"https:\/\/osteriadeltempopersoroma.it\/belsiana\/#organization","name":"Osteria del Tempo perso","url":"https:\/\/osteriadeltempopersoroma.it\/belsiana\/","logo":{"@type":"ImageObject","inLanguage":"it-IT","@id":"https:\/\/osteriadeltempopersoroma.it\/belsiana\/#\/schema\/logo\/image\/","url":"https:\/\/osteriadeltempopersoroma.it\/belsiana\/wp-content\/uploads\/2021\/06\/bigliettino-tempo-perso-copia-2.jpg","contentUrl":"https:\/\/osteriadeltempopersoroma.it\/belsiana\/wp-content\/uploads\/2021\/06\/bigliettino-tempo-perso-copia-2.jpg","width":1246,"height":826,"caption":"Osteria del Tempo perso"},"image":{"@id":"https:\/\/osteriadeltempopersoroma.it\/belsiana\/#\/schema\/logo\/image\/"}}]}},"_links":{"self":[{"href":"https:\/\/osteriadeltempopersoroma.it\/belsiana\/wp-json\/wp\/v2\/pages\/2","targetHints":{"allow":["GET"]}}],"collection":[{"href":"https:\/\/osteriadeltempopersoroma.it\/belsiana\/wp-json\/wp\/v2\/pages"}],"about":[{"href":"https:\/\/osteriadeltempopersoroma.it\/belsiana\/wp-json\/wp\/v2\/types\/page"}],"author":[{"embeddable":true,"href":"https:\/\/osteriadeltempopersoroma.it\/belsiana\/wp-json\/wp\/v2\/users\/1"}],"replies":[{"embeddable":true,"href":"https:\/\/osteriadeltempopersoroma.it\/belsiana\/wp-json\/wp\/v2\/comments?post=2"}],"version-history":[{"count":33,"href":"https:\/\/osteriadeltempopersoroma.it\/belsiana\/wp-json\/wp\/v2\/pages\/2\/revisions"}],"predecessor-version":[{"id":256,"href":"https:\/\/osteriadeltempopersoroma.it\/belsiana\/wp-json\/wp\/v2\/pages\/2\/revisions\/256"}],"wp:attachment":[{"href":"https:\/\/osteriadeltempopersoroma.it\/belsiana\/wp-json\/wp\/v2\/media?parent=2"}],"curies":[{"name":"wp","href":"https:\/\/api.w.org\/{rel}","templated":true}]}}