{"id":79,"date":"2021-06-09T06:36:06","date_gmt":"2021-06-09T06:36:06","guid":{"rendered":"https:\/\/osteriadeltempopersoroma.it\/?page_id=79"},"modified":"2021-06-09T06:38:52","modified_gmt":"2021-06-09T06:38:52","slug":"cookie-policy","status":"publish","type":"page","link":"https:\/\/osteriadeltempopersoroma.it\/belsiana\/cookie-policy\/","title":{"rendered":"Cookie Policy"},"content":{"rendered":"\n<p>In base alla legislazione europea in vigore, l\u2019utilizzo di cookie all\u2019interno di un sito internet \u00e8 soggetto a una precisa regolamentazione.<br>Questo documento nasce dall\u2019esigenza di uniformarsi a tale regolamentazione.<\/p>\n\n\n\n<h2 class=\"wp-block-heading\">COSA \u00c8 UN&nbsp;COOKIE<\/h2>\n\n\n\n<p>Un cookie \u00e8 una stringa di testo che il sito visitato manda all\u2019utente (generalmente al browser) per vari scopi.<br>Secondo le direttive del garante della privacy i cookie possono essere suddivisi in&nbsp;tecnici&nbsp;e&nbsp;di profilatura.&nbsp;<br>Rientrano nella&nbsp;prima categoria&nbsp;i cookie inviati dal sito stesso per finalit\u00e0 strettamente connesse alla navigazione.<br>Pu\u00f2 trattarsi di&nbsp;cookie di navigazione o di sessione, che garantiscono la normale navigazione e fruizione del sito, oppure di&nbsp;cookie analytics, che vengono utilizzati per raccogliere informazioni aggregate sul numero degli utenti o su come questi visitano il sito web, oppure di&nbsp;cookie di funzionalit\u00e0, utilizzati per migliorare la visione del sito in funzione di determinati criteri (ad esempio la lingua).&nbsp;<br>Per questo genere di cookie non \u00e8 richiesto il preventivo consenso da parte dell\u2019utente alla loro installazione n\u00e9 \u00e8 richiesta la comunicazione al garante della privacy, ma \u00e8 necessario formulare la presente informativa.<\/p>\n\n\n\n<p>Nella&nbsp;seconda categoria&nbsp;rientrano i cookie utilizzati con il fine profilare l\u2019utente allo scopo di fornirgli pubblicit\u00e0 mirata in base alle sue abitudini di navigazione.&nbsp;<\/p>\n\n\n\n<h2 class=\"wp-block-heading\">CHI INVIA I COOKIE<\/h2>\n\n\n\n<p>I cookie possono essere inviati dal sito stesso oppure da servizi terzi a cui il sito stesso si appoggia. Il gestore del sito risponde dei cookie inviati direttamente, mentre per quelli inviati da soggetti terzi deve esserne indicata la provenienza e il link di riferimento in merito alla policy.<br>Rientrano fra i siti terzi anche i cookie di Google Analytics, che servono per raccogliere dati non personalizzati sulla navigazione del sito, e rientrano fra i cookie tecnici.<\/p>\n\n\n\n<h2 class=\"wp-block-heading\">QUALI COOKIE UTILIZZA QUESTO SITO?<\/h2>\n\n\n\n<p>In questo sito sono utilizzati cookie tecnici, di tipo sessione, e i cookie di terze parti di Google Analytics.<\/p>\n\n\n\n<p>I&nbsp;cookie di sessione&nbsp;servono per tenere traccia delle scelte operate dall\u2019utente nella visita effettuata.<\/p>\n\n\n\n<p>I cookie di tipo analytics vengono inviati da&nbsp;Google Analytics. Essi vengono utilizzati per avere statistiche numeriche sulle pagine visitate, sul numero di visitatori totali, sulla rete da cui provengono gli utenti, etc. Nessun dato personale \u00e8 trasmesso attraverso questi cookie. Per una migliore e pi\u00f9 completa trattazione della policy relativa a questi cookie fare riferimento ai seguenti link:http:\/\/www.google.it\/analytics\/learn\/privacy.html<\/p>\n\n\n\n<p>Tutti i cookie utilizzati in questo sito non inviano nessun dato personale al gestore del sito.<\/p>\n\n\n\n<h2 class=\"wp-block-heading\">POSSO DISABILITARE I COOKIE?<\/h2>\n\n\n\n<p>Di default i cookie sono abilitati in ogni browser.<br>Questo perch\u00e9 non utilizzarli limita l\u2019esperienza utente e impedisce, a volte, di poter accedere a qualche sito.<br>E\u2019 comunque possibile disabilitare l\u2019uso dei cookie agendo sulle impostazioni avanzate del browser.<br>E\u2019 possibile cliccare sui link seguenti per avere istruzioni dettagliate sulla rimozione e controllo dei cookie (i link riportano a siti esterni al presente sito).<\/p>\n\n\n\n<ul class=\"wp-block-list\"><li><a href=\"http:\/\/www.aboutcookies.org\/\">Aboutcookie.org<\/a><\/li><li><a href=\"https:\/\/support.google.com\/chrome\/answer\/95582\">Google Chrome \u2013 Eliminare i cookie<\/a><\/li><li><a href=\"https:\/\/support.google.com\/chrome\/answer\/95647?hl=it\">Google Chrome \u2013 Bloccare i cookie<\/a><\/li><li><a href=\"http:\/\/windows.microsoft.com\/it-it\/internet-explorer\/delete-manage-cookies#ie=ie-11\">Windows IE \u2013 Eliminare e gestire i cookie<\/a><\/li><li><a href=\"https:\/\/support.mozilla.org\/it\/kb\/Eliminare%20i%20cookie\">Firefox\u2013 Eliminare i cookie<\/a><\/li><li><a href=\"https:\/\/support.mozilla.org\/it\/kb\/Bloccare%20i%20cookie\">Firefox\u2013 Bloccare i cookie<\/a><\/li><li><a href=\"https:\/\/support.apple.com\/it-it\/HT201265\">Safari\u2013 Bloccare ed eliminare i cookie<\/a><\/li><li><a href=\"http:\/\/help.opera.com\/Windows\/10.00\/it\/cookies.html\">Opera\u2013 Gestione dei cookie<\/a><\/li><\/ul>\n\n\n\n<p>E\u2019 possibile in oltre disattivare i cookie di Google Analytics nel browser in uso. Per ottenere questo \u00e8 necessario scaricare e installare un componente aggiuntivo per il browser usato (se si utilizzano pi\u00f9 browser l\u2019installazione deve essere effettuata su tutti). Tale componente \u00e8 scaricabile direttamente dai server di Google a&nbsp;questo&nbsp;indirizzo:<a href=\"https:\/\/tools.google.com\/dlpage\/gaoptout\/\">https:\/\/tools.google.com\/dlpage\/gaoptout\/<\/a><\/p>\n\n\n\n<p>Per ogni domanda di chiarimento, Vi preghiamo di contattare l\u2019amministratore del sito.<\/p>\n","protected":false},"excerpt":{"rendered":"<p>In base alla legislazione europea in vigore, l\u2019utilizzo di cookie all\u2019interno di un sito internet \u00e8 soggetto a una precisa regolamentazione.Questo documento nasce dall\u2019esigenza di uniformarsi a tale regolamentazione. COSA \u00c8 UN&nbsp;COOKIE Un cookie \u00e8 una stringa di testo che il sito visitato manda all\u2019utente (generalmente al browser) per vari scopi.Secondo le direttive del garante [&hellip;]<\/p>\n","protected":false},"author":1,"featured_media":0,"parent":0,"menu_order":0,"comment_status":"closed","ping_status":"closed","template":"","meta":{"footnotes":""},"class_list":["post-79","page","type-page","status-publish","hentry"],"yoast_head":"<!-- This site is optimized with the Yoast SEO plugin v26.6 - https:\/\/yoast.com\/wordpress\/plugins\/seo\/ -->\n<title>Cookie Policy - Osteria del Tempo Perso<\/title>\n<meta name=\"robots\" content=\"index, follow, max-snippet:-1, max-image-preview:large, max-video-preview:-1\" \/>\n<link rel=\"canonical\" href=\"https:\/\/osteriadeltempopersoroma.it\/belsiana\/cookie-policy\/\" \/>\n<meta property=\"og:locale\" content=\"it_IT\" \/>\n<meta property=\"og:type\" content=\"article\" \/>\n<meta property=\"og:title\" content=\"Cookie Policy - Osteria del Tempo Perso\" \/>\n<meta property=\"og:description\" content=\"In base alla legislazione europea in vigore, l\u2019utilizzo di cookie all\u2019interno di un sito internet \u00e8 soggetto a una precisa regolamentazione.Questo documento nasce dall\u2019esigenza di uniformarsi a tale regolamentazione. COSA \u00c8 UN&nbsp;COOKIE Un cookie \u00e8 una stringa di testo che il sito visitato manda all\u2019utente (generalmente al browser) per vari scopi.Secondo le direttive del garante [&hellip;]\" \/>\n<meta property=\"og:url\" content=\"https:\/\/osteriadeltempopersoroma.it\/belsiana\/cookie-policy\/\" \/>\n<meta property=\"og:site_name\" content=\"Osteria del Tempo Perso\" \/>\n<meta property=\"article:modified_time\" content=\"2021-06-09T06:38:52+00:00\" \/>\n<meta name=\"twitter:card\" content=\"summary_large_image\" \/>\n<meta name=\"twitter:label1\" content=\"Tempo di lettura stimato\" \/>\n\t<meta name=\"twitter:data1\" content=\"3 minuti\" \/>\n<script type=\"application\/ld+json\" class=\"yoast-schema-graph\">{\"@context\":\"https:\/\/schema.org\",\"@graph\":[{\"@type\":\"WebPage\",\"@id\":\"https:\/\/osteriadeltempopersoroma.it\/belsiana\/cookie-policy\/\",\"url\":\"https:\/\/osteriadeltempopersoroma.it\/belsiana\/cookie-policy\/\",\"name\":\"Cookie Policy - Osteria del Tempo Perso\",\"isPartOf\":{\"@id\":\"https:\/\/osteriadeltempopersoroma.it\/belsiana\/#website\"},\"datePublished\":\"2021-06-09T06:36:06+00:00\",\"dateModified\":\"2021-06-09T06:38:52+00:00\",\"breadcrumb\":{\"@id\":\"https:\/\/osteriadeltempopersoroma.it\/belsiana\/cookie-policy\/#breadcrumb\"},\"inLanguage\":\"it-IT\",\"potentialAction\":[{\"@type\":\"ReadAction\",\"target\":[\"https:\/\/osteriadeltempopersoroma.it\/belsiana\/cookie-policy\/\"]}]},{\"@type\":\"BreadcrumbList\",\"@id\":\"https:\/\/osteriadeltempopersoroma.it\/belsiana\/cookie-policy\/#breadcrumb\",\"itemListElement\":[{\"@type\":\"ListItem\",\"position\":1,\"name\":\"Home\",\"item\":\"https:\/\/osteriadeltempopersoroma.it\/belsiana\/\"},{\"@type\":\"ListItem\",\"position\":2,\"name\":\"Cookie Policy\"}]},{\"@type\":\"WebSite\",\"@id\":\"https:\/\/osteriadeltempopersoroma.it\/belsiana\/#website\",\"url\":\"https:\/\/osteriadeltempopersoroma.it\/belsiana\/\",\"name\":\"Osteria del Tempo Perso - Roma Centro\",\"description\":\"Osteria a Roma \",\"publisher\":{\"@id\":\"https:\/\/osteriadeltempopersoroma.it\/belsiana\/#organization\"},\"potentialAction\":[{\"@type\":\"SearchAction\",\"target\":{\"@type\":\"EntryPoint\",\"urlTemplate\":\"https:\/\/osteriadeltempopersoroma.it\/belsiana\/?s={search_term_string}\"},\"query-input\":{\"@type\":\"PropertyValueSpecification\",\"valueRequired\":true,\"valueName\":\"search_term_string\"}}],\"inLanguage\":\"it-IT\"},{\"@type\":\"Organization\",\"@id\":\"https:\/\/osteriadeltempopersoroma.it\/belsiana\/#organization\",\"name\":\"Osteria del Tempo perso\",\"url\":\"https:\/\/osteriadeltempopersoroma.it\/belsiana\/\",\"logo\":{\"@type\":\"ImageObject\",\"inLanguage\":\"it-IT\",\"@id\":\"https:\/\/osteriadeltempopersoroma.it\/belsiana\/#\/schema\/logo\/image\/\",\"url\":\"https:\/\/osteriadeltempopersoroma.it\/belsiana\/wp-content\/uploads\/2021\/06\/bigliettino-tempo-perso-copia-2.jpg\",\"contentUrl\":\"https:\/\/osteriadeltempopersoroma.it\/belsiana\/wp-content\/uploads\/2021\/06\/bigliettino-tempo-perso-copia-2.jpg\",\"width\":1246,\"height\":826,\"caption\":\"Osteria del Tempo perso\"},\"image\":{\"@id\":\"https:\/\/osteriadeltempopersoroma.it\/belsiana\/#\/schema\/logo\/image\/\"}}]}<\/script>\n<!-- \/ Yoast SEO plugin. -->","yoast_head_json":{"title":"Cookie Policy - Osteria del Tempo Perso","robots":{"index":"index","follow":"follow","max-snippet":"max-snippet:-1","max-image-preview":"max-image-preview:large","max-video-preview":"max-video-preview:-1"},"canonical":"https:\/\/osteriadeltempopersoroma.it\/belsiana\/cookie-policy\/","og_locale":"it_IT","og_type":"article","og_title":"Cookie Policy - Osteria del Tempo Perso","og_description":"In base alla legislazione europea in vigore, l\u2019utilizzo di cookie all\u2019interno di un sito internet \u00e8 soggetto a una precisa regolamentazione.Questo documento nasce dall\u2019esigenza di uniformarsi a tale regolamentazione. COSA \u00c8 UN&nbsp;COOKIE Un cookie \u00e8 una stringa di testo che il sito visitato manda all\u2019utente (generalmente al browser) per vari scopi.Secondo le direttive del garante [&hellip;]","og_url":"https:\/\/osteriadeltempopersoroma.it\/belsiana\/cookie-policy\/","og_site_name":"Osteria del Tempo Perso","article_modified_time":"2021-06-09T06:38:52+00:00","twitter_card":"summary_large_image","twitter_misc":{"Tempo di lettura stimato":"3 minuti"},"schema":{"@context":"https:\/\/schema.org","@graph":[{"@type":"WebPage","@id":"https:\/\/osteriadeltempopersoroma.it\/belsiana\/cookie-policy\/","url":"https:\/\/osteriadeltempopersoroma.it\/belsiana\/cookie-policy\/","name":"Cookie Policy - Osteria del Tempo Perso","isPartOf":{"@id":"https:\/\/osteriadeltempopersoroma.it\/belsiana\/#website"},"datePublished":"2021-06-09T06:36:06+00:00","dateModified":"2021-06-09T06:38:52+00:00","breadcrumb":{"@id":"https:\/\/osteriadeltempopersoroma.it\/belsiana\/cookie-policy\/#breadcrumb"},"inLanguage":"it-IT","potentialAction":[{"@type":"ReadAction","target":["https:\/\/osteriadeltempopersoroma.it\/belsiana\/cookie-policy\/"]}]},{"@type":"BreadcrumbList","@id":"https:\/\/osteriadeltempopersoroma.it\/belsiana\/cookie-policy\/#breadcrumb","itemListElement":[{"@type":"ListItem","position":1,"name":"Home","item":"https:\/\/osteriadeltempopersoroma.it\/belsiana\/"},{"@type":"ListItem","position":2,"name":"Cookie Policy"}]},{"@type":"WebSite","@id":"https:\/\/osteriadeltempopersoroma.it\/belsiana\/#website","url":"https:\/\/osteriadeltempopersoroma.it\/belsiana\/","name":"Osteria del Tempo Perso - Roma Centro","description":"Osteria a Roma ","publisher":{"@id":"https:\/\/osteriadeltempopersoroma.it\/belsiana\/#organization"},"potentialAction":[{"@type":"SearchAction","target":{"@type":"EntryPoint","urlTemplate":"https:\/\/osteriadeltempopersoroma.it\/belsiana\/?s={search_term_string}"},"query-input":{"@type":"PropertyValueSpecification","valueRequired":true,"valueName":"search_term_string"}}],"inLanguage":"it-IT"},{"@type":"Organization","@id":"https:\/\/osteriadeltempopersoroma.it\/belsiana\/#organization","name":"Osteria del Tempo perso","url":"https:\/\/osteriadeltempopersoroma.it\/belsiana\/","logo":{"@type":"ImageObject","inLanguage":"it-IT","@id":"https:\/\/osteriadeltempopersoroma.it\/belsiana\/#\/schema\/logo\/image\/","url":"https:\/\/osteriadeltempopersoroma.it\/belsiana\/wp-content\/uploads\/2021\/06\/bigliettino-tempo-perso-copia-2.jpg","contentUrl":"https:\/\/osteriadeltempopersoroma.it\/belsiana\/wp-content\/uploads\/2021\/06\/bigliettino-tempo-perso-copia-2.jpg","width":1246,"height":826,"caption":"Osteria del Tempo perso"},"image":{"@id":"https:\/\/osteriadeltempopersoroma.it\/belsiana\/#\/schema\/logo\/image\/"}}]}},"_links":{"self":[{"href":"https:\/\/osteriadeltempopersoroma.it\/belsiana\/wp-json\/wp\/v2\/pages\/79","targetHints":{"allow":["GET"]}}],"collection":[{"href":"https:\/\/osteriadeltempopersoroma.it\/belsiana\/wp-json\/wp\/v2\/pages"}],"about":[{"href":"https:\/\/osteriadeltempopersoroma.it\/belsiana\/wp-json\/wp\/v2\/types\/page"}],"author":[{"embeddable":true,"href":"https:\/\/osteriadeltempopersoroma.it\/belsiana\/wp-json\/wp\/v2\/users\/1"}],"replies":[{"embeddable":true,"href":"https:\/\/osteriadeltempopersoroma.it\/belsiana\/wp-json\/wp\/v2\/comments?post=79"}],"version-history":[{"count":2,"href":"https:\/\/osteriadeltempopersoroma.it\/belsiana\/wp-json\/wp\/v2\/pages\/79\/revisions"}],"predecessor-version":[{"id":81,"href":"https:\/\/osteriadeltempopersoroma.it\/belsiana\/wp-json\/wp\/v2\/pages\/79\/revisions\/81"}],"wp:attachment":[{"href":"https:\/\/osteriadeltempopersoroma.it\/belsiana\/wp-json\/wp\/v2\/media?parent=79"}],"curies":[{"name":"wp","href":"https:\/\/api.w.org\/{rel}","templated":true}]}}